{"id":1887,"date":"2026-03-05T16:33:56","date_gmt":"2026-03-05T14:33:56","guid":{"rendered":"https:\/\/hsfmarine.fi\/?page_id=1887"},"modified":"2026-03-30T14:36:40","modified_gmt":"2026-03-30T11:36:40","slug":"nachhaltigkeit","status":"publish","type":"page","link":"https:\/\/hsfmarine.fi\/de\/nachhaltigkeit\/","title":{"rendered":"Nachhaltigkeit"},"content":{"rendered":"<h3>Verantwortungsbewusstsein bedeutet f\u00fcr uns konkrete Taten und kontinuierliche Weiterentwicklung.<\/h3>\n<p>Unser Ziel ist es, unsere Nachhaltigkeitsbem\u00fchungen transparent zu kommunizieren und unseren Kunden Orientierungshilfe sowie L\u00f6sungen f\u00fcr verantwortungsbewusstes Reisen und den Umweltschutz in unserem Hafen zu bieten. Wir sind uns der Herausforderungen bewusst, die der Bootstourismus f\u00fcr die Umwelt mit sich bringt, und bestrebt, im Rahmen unserer M\u00f6glichkeiten L\u00f6sungen und Wege f\u00fcr ein umweltfreundliches und verantwortungsbewusstes Handeln anzubieten.<\/p>\n<p>Wir durchlaufen derzeit das Zertifizierungsprogramm f\u00fcr das Sustainable Travel Finland-Label von Visit Finland.<\/p>\n<p>&nbsp;<\/p>\n<h3>Der Hafen von HSF Marine ist ein \u201eRoope\u201c-Hafen (S\u00e4lle-Hafen)<\/h3>\n<p>Der Roope-Hafen ist ein finnisches Umweltzertifikat, das H\u00e4fen verliehen wird, die spezifische Umweltkriterien erf\u00fcllen. F\u00fcr die Vergabe des Zertifikats ist der Verein Pid\u00e4 Saaristo Siistin\u00e4 ry (Halte den Sch\u00e4rengarten sauber) verantwortlich. Der Verein setzt sich daf\u00fcr ein, den Zustand der Meeresumwelt zu verbessern, umweltverantwortliches Handeln zu f\u00f6rdern und das Umweltbewusstsein zu st\u00e4rken.<\/p>\n<p>&nbsp;<\/p>\n<h3>Die Grundpfeiler der Nachhaltigkeit bei HSF Marine:<\/h3>\n<p><strong>Unterst\u00fctzung der lokalen Gemeinschaft<\/strong><\/p>\n<p>Wir beteiligen uns aktiv am Leben der lokalen Gemeinschaft, unter anderem \u00fcber unseren Eigent\u00fcmer Hang\u00f6 Segelf\u00f6rening rf. Wir bevorzugen nach M\u00f6glichkeit lokale Subunternehmer und Lieferanten. Wenn m\u00f6glich, arbeiten wir mit umweltfreundlichen und verantwortungsbewussten Partnern zusammen. Zudem sind wir im Unternehmerverband von Hanko (Hangon Yritt\u00e4j\u00e4t ry) aktiv.<\/p>\n<p>Wir streben danach, so viele Menschen aus der Region wie m\u00f6glich zu besch\u00e4ftigen. J\u00e4hrlich organisieren wir f\u00fcr alle F\u00fcnftkl\u00e4ssler in Hanko den Erlebnistag \u201eVilskett\u00e4 Vesille\u201c, an dem wichtige F\u00e4higkeiten f\u00fcr das Leben am Meer vermittelt werden \u2013 darunter Erste Hilfe, Seenotrettung, Umweltwissen, Navigation und Brandbek\u00e4mpfung.<\/p>\n<p>&nbsp;<\/p>\n<p><strong>Umwelt<\/strong><\/p>\n<p>Wir ber\u00fccksichtigen den Umweltschutz in unserem Betrieb bestm\u00f6glich. Wir informieren unsere Kunden unter anderem \u00fcber Wassereinsparung sowie \u00fcber Recycling- und Sortierm\u00f6glichkeiten (z. B. Glas, Metall, Karton, Bioabfall, Verpackungskunststoffe). Wir beheizen unsere Geb\u00e4ude mit Luftw\u00e4rmepumpen, und die Beleuchtung wird \u00fcber Bewegungssensoren gesteuert. Auch die \u00d6ffnungszeiten der Saunen werden so optimiert, dass die \u00d6fen nicht f\u00fcr leere R\u00e4ume geheizt werden. Wir sammeln Abf\u00e4lle sowohl auf dem Hafengel\u00e4nde als auch in den Wasserbereichen des Hafens ein. Nach M\u00f6glichkeit verwenden<\/p>\n<p>wir Recyclingmaterialien, zum Beispiel f\u00fcr Hinweisschilder, und bevorzugen bei Materialanschaffungen Produkte mit Umweltg\u00fctesiegel.<\/p>\n<p>&nbsp;<\/p>\n<p><strong>Mitarbeiter und Wohlbefinden<\/strong><\/p>\n<p>W\u00e4hrend der Sommersaison besch\u00e4ftigen wir in der Regel etwa sechs junge Saisonkr\u00e4fte. Wir m\u00f6chten, dass unsere Mitarbeiter ihren Arbeitsplatz als angenehm und sicher empfinden. Bei der Dienstplanung achten wir auf ausreichende Freizeit und ber\u00fccksichtigen die W\u00fcnsche der Angestellten. Wir organisieren f\u00fcr unsere Sommerangestellten notwendige Kurse (z. B. Erste Hilfe), die ihnen auch \u00fcber die Saison hinaus zugutekommen. Am Ende der Saison f\u00fchren wir eine Umfrage durch, in der uns die Mitarbeiter Feedback geben k\u00f6nnen. Unser Ziel ist es, dass die Saisonkr\u00e4fte auch im n\u00e4chsten Jahr gerne wieder zu uns zur\u00fcckkehren.<\/p>\n<p>&nbsp;<\/p>\n","protected":false},"excerpt":{"rendered":"<p>Verantwortungsbewusstsein bedeutet f\u00fcr uns konkrete Taten und kontinuierliche Weiterentwicklung. Unser Ziel ist es, unsere Nachhaltigkeitsbem\u00fchungen transparent zu kommunizieren und unseren Kunden Orientierungshilfe sowie L\u00f6sungen f\u00fcr verantwortungsbewusstes Reisen und den Umweltschutz in unserem Hafen zu bieten. Wir sind uns der Herausforderungen bewusst, die der Bootstourismus f\u00fcr die Umwelt mit sich bringt, und bestrebt, im Rahmen unserer [&hellip;]<\/p>\n","protected":false},"author":5,"featured_media":0,"parent":0,"menu_order":0,"comment_status":"closed","ping_status":"closed","template":"","meta":{"footnotes":""},"class_list":["post-1887","page","type-page","status-publish","hentry","classic-edited"],"yoast_head":"<!-- This site is optimized with the Yoast SEO plugin v27.3 - https:\/\/yoast.com\/product\/yoast-seo-wordpress\/ -->\n<title>Nachhaltigkeit<\/title>\n<meta name=\"description\" content=\"Verantwortungsbewusstsein bedeutet f\u00fcr uns konkrete Taten und kontinuierliche Weiterentwicklung.\" \/>\n<meta name=\"robots\" content=\"index, follow, max-snippet:-1, max-image-preview:large, max-video-preview:-1\" \/>\n<link rel=\"canonical\" href=\"https:\/\/hsfmarine.fi\/de\/nachhaltigkeit\/\" \/>\n<meta property=\"og:locale\" content=\"de_DE\" \/>\n<meta property=\"og:type\" content=\"article\" \/>\n<meta property=\"og:title\" content=\"Nachhaltigkeit\" \/>\n<meta property=\"og:description\" content=\"Verantwortungsbewusstsein bedeutet f\u00fcr uns konkrete Taten und kontinuierliche Weiterentwicklung.\" \/>\n<meta property=\"og:url\" content=\"https:\/\/hsfmarine.fi\/de\/nachhaltigkeit\/\" \/>\n<meta property=\"og:site_name\" content=\"Hangon it\u00e4satama\" \/>\n<meta property=\"article:publisher\" content=\"https:\/\/www.facebook.com\/HSF-Marine-1818563651727474\" \/>\n<meta property=\"article:modified_time\" content=\"2026-03-30T11:36:40+00:00\" \/>\n<meta property=\"og:image\" content=\"https:\/\/hsfmarine.fi\/wp-content\/uploads\/2017\/05\/DSC_5221_web.jpg\" \/>\n\t<meta property=\"og:image:width\" content=\"1900\" \/>\n\t<meta property=\"og:image:height\" content=\"600\" \/>\n\t<meta property=\"og:image:type\" content=\"image\/jpeg\" \/>\n<meta name=\"twitter:card\" content=\"summary_large_image\" \/>\n<meta name=\"twitter:label1\" content=\"Gesch\u00e4tzte Lesezeit\" \/>\n\t<meta name=\"twitter:data1\" content=\"2\u00a0Minuten\" \/>\n<script type=\"application\/ld+json\" class=\"yoast-schema-graph\">{\"@context\":\"https:\\\/\\\/schema.org\",\"@graph\":[{\"@type\":\"WebPage\",\"@id\":\"https:\\\/\\\/hsfmarine.fi\\\/de\\\/nachhaltigkeit\\\/\",\"url\":\"https:\\\/\\\/hsfmarine.fi\\\/de\\\/nachhaltigkeit\\\/\",\"name\":\"Nachhaltigkeit\",\"isPartOf\":{\"@id\":\"https:\\\/\\\/hsfmarine.fi\\\/#website\"},\"datePublished\":\"2026-03-05T14:33:56+00:00\",\"dateModified\":\"2026-03-30T11:36:40+00:00\",\"description\":\"Verantwortungsbewusstsein bedeutet f\u00fcr uns konkrete Taten und kontinuierliche Weiterentwicklung.\",\"breadcrumb\":{\"@id\":\"https:\\\/\\\/hsfmarine.fi\\\/de\\\/nachhaltigkeit\\\/#breadcrumb\"},\"inLanguage\":\"de\",\"potentialAction\":[{\"@type\":\"ReadAction\",\"target\":[\"https:\\\/\\\/hsfmarine.fi\\\/de\\\/nachhaltigkeit\\\/\"]}]},{\"@type\":\"BreadcrumbList\",\"@id\":\"https:\\\/\\\/hsfmarine.fi\\\/de\\\/nachhaltigkeit\\\/#breadcrumb\",\"itemListElement\":[{\"@type\":\"ListItem\",\"position\":1,\"name\":\"Home\",\"item\":\"http:\\\/\\\/hsfmarine.fi\\\/de\\\/\"},{\"@type\":\"ListItem\",\"position\":2,\"name\":\"Nachhaltigkeit\"}]},{\"@type\":\"WebSite\",\"@id\":\"https:\\\/\\\/hsfmarine.fi\\\/#website\",\"url\":\"https:\\\/\\\/hsfmarine.fi\\\/\",\"name\":\"Hangon it\u00e4satama\",\"description\":\"Just another WordPress site\",\"publisher\":{\"@id\":\"https:\\\/\\\/hsfmarine.fi\\\/#organization\"},\"potentialAction\":[{\"@type\":\"SearchAction\",\"target\":{\"@type\":\"EntryPoint\",\"urlTemplate\":\"https:\\\/\\\/hsfmarine.fi\\\/?s={search_term_string}\"},\"query-input\":{\"@type\":\"PropertyValueSpecification\",\"valueRequired\":true,\"valueName\":\"search_term_string\"}}],\"inLanguage\":\"de\"},{\"@type\":\"Organization\",\"@id\":\"https:\\\/\\\/hsfmarine.fi\\\/#organization\",\"name\":\"HSF Marine\",\"url\":\"https:\\\/\\\/hsfmarine.fi\\\/\",\"logo\":{\"@type\":\"ImageObject\",\"inLanguage\":\"de\",\"@id\":\"https:\\\/\\\/hsfmarine.fi\\\/#\\\/schema\\\/logo\\\/image\\\/\",\"url\":\"https:\\\/\\\/hsfmarine.fi\\\/wp-content\\\/uploads\\\/2017\\\/05\\\/DSC_5221_web.jpg\",\"contentUrl\":\"https:\\\/\\\/hsfmarine.fi\\\/wp-content\\\/uploads\\\/2017\\\/05\\\/DSC_5221_web.jpg\",\"width\":1900,\"height\":600,\"caption\":\"HSF Marine\"},\"image\":{\"@id\":\"https:\\\/\\\/hsfmarine.fi\\\/#\\\/schema\\\/logo\\\/image\\\/\"},\"sameAs\":[\"https:\\\/\\\/www.facebook.com\\\/HSF-Marine-1818563651727474\"]}]}<\/script>\n<!-- \/ Yoast SEO plugin. -->","yoast_head_json":{"title":"Nachhaltigkeit","description":"Verantwortungsbewusstsein bedeutet f\u00fcr uns konkrete Taten und kontinuierliche Weiterentwicklung.","robots":{"index":"index","follow":"follow","max-snippet":"max-snippet:-1","max-image-preview":"max-image-preview:large","max-video-preview":"max-video-preview:-1"},"canonical":"https:\/\/hsfmarine.fi\/de\/nachhaltigkeit\/","og_locale":"de_DE","og_type":"article","og_title":"Nachhaltigkeit","og_description":"Verantwortungsbewusstsein bedeutet f\u00fcr uns konkrete Taten und kontinuierliche Weiterentwicklung.","og_url":"https:\/\/hsfmarine.fi\/de\/nachhaltigkeit\/","og_site_name":"Hangon it\u00e4satama","article_publisher":"https:\/\/www.facebook.com\/HSF-Marine-1818563651727474","article_modified_time":"2026-03-30T11:36:40+00:00","og_image":[{"width":1900,"height":600,"url":"https:\/\/hsfmarine.fi\/wp-content\/uploads\/2017\/05\/DSC_5221_web.jpg","type":"image\/jpeg"}],"twitter_card":"summary_large_image","twitter_misc":{"Gesch\u00e4tzte Lesezeit":"2\u00a0Minuten"},"schema":{"@context":"https:\/\/schema.org","@graph":[{"@type":"WebPage","@id":"https:\/\/hsfmarine.fi\/de\/nachhaltigkeit\/","url":"https:\/\/hsfmarine.fi\/de\/nachhaltigkeit\/","name":"Nachhaltigkeit","isPartOf":{"@id":"https:\/\/hsfmarine.fi\/#website"},"datePublished":"2026-03-05T14:33:56+00:00","dateModified":"2026-03-30T11:36:40+00:00","description":"Verantwortungsbewusstsein bedeutet f\u00fcr uns konkrete Taten und kontinuierliche Weiterentwicklung.","breadcrumb":{"@id":"https:\/\/hsfmarine.fi\/de\/nachhaltigkeit\/#breadcrumb"},"inLanguage":"de","potentialAction":[{"@type":"ReadAction","target":["https:\/\/hsfmarine.fi\/de\/nachhaltigkeit\/"]}]},{"@type":"BreadcrumbList","@id":"https:\/\/hsfmarine.fi\/de\/nachhaltigkeit\/#breadcrumb","itemListElement":[{"@type":"ListItem","position":1,"name":"Home","item":"http:\/\/hsfmarine.fi\/de\/"},{"@type":"ListItem","position":2,"name":"Nachhaltigkeit"}]},{"@type":"WebSite","@id":"https:\/\/hsfmarine.fi\/#website","url":"https:\/\/hsfmarine.fi\/","name":"Hangon it\u00e4satama","description":"Just another WordPress site","publisher":{"@id":"https:\/\/hsfmarine.fi\/#organization"},"potentialAction":[{"@type":"SearchAction","target":{"@type":"EntryPoint","urlTemplate":"https:\/\/hsfmarine.fi\/?s={search_term_string}"},"query-input":{"@type":"PropertyValueSpecification","valueRequired":true,"valueName":"search_term_string"}}],"inLanguage":"de"},{"@type":"Organization","@id":"https:\/\/hsfmarine.fi\/#organization","name":"HSF Marine","url":"https:\/\/hsfmarine.fi\/","logo":{"@type":"ImageObject","inLanguage":"de","@id":"https:\/\/hsfmarine.fi\/#\/schema\/logo\/image\/","url":"https:\/\/hsfmarine.fi\/wp-content\/uploads\/2017\/05\/DSC_5221_web.jpg","contentUrl":"https:\/\/hsfmarine.fi\/wp-content\/uploads\/2017\/05\/DSC_5221_web.jpg","width":1900,"height":600,"caption":"HSF Marine"},"image":{"@id":"https:\/\/hsfmarine.fi\/#\/schema\/logo\/image\/"},"sameAs":["https:\/\/www.facebook.com\/HSF-Marine-1818563651727474"]}]}},"_links":{"self":[{"href":"https:\/\/hsfmarine.fi\/de\/wp-json\/wp\/v2\/pages\/1887","targetHints":{"allow":["GET"]}}],"collection":[{"href":"https:\/\/hsfmarine.fi\/de\/wp-json\/wp\/v2\/pages"}],"about":[{"href":"https:\/\/hsfmarine.fi\/de\/wp-json\/wp\/v2\/types\/page"}],"author":[{"embeddable":true,"href":"https:\/\/hsfmarine.fi\/de\/wp-json\/wp\/v2\/users\/5"}],"replies":[{"embeddable":true,"href":"https:\/\/hsfmarine.fi\/de\/wp-json\/wp\/v2\/comments?post=1887"}],"version-history":[{"count":5,"href":"https:\/\/hsfmarine.fi\/de\/wp-json\/wp\/v2\/pages\/1887\/revisions"}],"predecessor-version":[{"id":1904,"href":"https:\/\/hsfmarine.fi\/de\/wp-json\/wp\/v2\/pages\/1887\/revisions\/1904"}],"wp:attachment":[{"href":"https:\/\/hsfmarine.fi\/de\/wp-json\/wp\/v2\/media?parent=1887"}],"curies":[{"name":"wp","href":"https:\/\/api.w.org\/{rel}","templated":true}]}}