{"id":1883,"date":"2026-03-05T16:18:47","date_gmt":"2026-03-05T14:18:47","guid":{"rendered":"https:\/\/hsfmarine.fi\/?page_id=1883"},"modified":"2026-03-30T14:37:52","modified_gmt":"2026-03-30T11:37:52","slug":"hallbarhet","status":"publish","type":"page","link":"https:\/\/hsfmarine.fi\/sv\/hallbarhet\/","title":{"rendered":"H\u00e5llbarhet"},"content":{"rendered":"<h3>H\u00e5llbarhet inneb\u00e4r f\u00f6r oss konkreta handlingar och kontinuerligt utvecklingsarbete.<\/h3>\n<p>V\u00e5rt m\u00e5l \u00e4r att kommunicera om h\u00e5llbarhet p\u00e5 ett transparent s\u00e4tt och erbjuda v\u00e5ra kunder v\u00e4gledning och l\u00f6sningar f\u00f6r ansvarsfullt resande samt milj\u00f6h\u00e4nsyn i v\u00e5r hamn. Vi identifierar de utmaningar som b\u00e5tturismen inneb\u00e4r f\u00f6r milj\u00f6n och str\u00e4var efter att i m\u00e5n av m\u00f6jlighet erbjuda l\u00f6sningar och s\u00e4tt att agera milj\u00f6v\u00e4nligt och ansvarsfullt.<\/p>\n<p>Vi genomf\u00f6r som b\u00e4st \u201dSustainable Travel Finland\u201d-certifieringen via Visit Finland.<\/p>\n<p>&nbsp;<\/p>\n<h3>HSF Marines hamn \u00e4r en S\u00e4lle-hamn<\/h3>\n<p>En S\u00e4lle-hamn \u00e4r ett finl\u00e4ndskt milj\u00f6certifikat som beviljas hamnar som uppfyller specifika kriterier. F\u00f6r beviljandet av certifikatet ansvarar H\u00e5ll Sk\u00e4rg\u00e5rden Ren rf, som genom sin verksamhet str\u00e4var efter att f\u00f6rb\u00e4ttra den marina milj\u00f6ns tillst\u00e5nd, fr\u00e4mja milj\u00f6ansvarigt agerande samt sprida milj\u00f6medvetenhet.<\/p>\n<p>&nbsp;<\/p>\n<h3>Grundpelarna i HSF Marines h\u00e5llbarhetsarbete:<\/h3>\n<p><strong>St\u00f6d till lokalsamh\u00e4llet<\/strong><\/p>\n<p>Vi deltar aktivt i lokalsamh\u00e4llets verksamhet, bland annat genom v\u00e5r \u00e4gare Hang\u00f6 Segelf\u00f6rening rf. Vi prioriterar lokala underleverant\u00f6rer och leverant\u00f6rer n\u00e4r det \u00e4r m\u00f6jligt. I m\u00e5n av m\u00f6jlighet anv\u00e4nder vi oss av milj\u00f6v\u00e4nliga och ansvarsfulla samarbetspartner. Vi \u00e4r engagerade i Hang\u00f6 F\u00f6retagare rf:s verksamhet.<\/p>\n<p>Vi str\u00e4var efter att syssels\u00e4tta s\u00e5 m\u00e5nga lokala inv\u00e5nare som m\u00f6jligt. Varje \u00e5r ordnar vi dagen \u201dVilskett\u00e4 Vesille\u201d f\u00f6r alla femteklassister i Hang\u00f6. Under dagen f\u00e5r eleverna l\u00e4ra sig f\u00e4rdigheter som \u00e4r viktiga f\u00f6r dem som bor vid havet, s\u00e5som f\u00f6rsta hj\u00e4lpen, livr\u00e4ddning, milj\u00f6medvetenhet, navigering och f\u00f6rstahandsl\u00e4ckning.<\/p>\n<p>&nbsp;<\/p>\n<p><strong>Milj\u00f6<\/strong><\/p>\n<p>Vi tar h\u00e4nsyn till milj\u00f6n i v\u00e5r verksamhet s\u00e5 l\u00e5ngt vi kan. Vi kommunicerar till v\u00e5ra kunder om bland annat vattenbesparing samt m\u00f6jligheter till \u00e5tervinning och sortering (t.ex. glas, metall, kartong, bioavfall och f\u00f6rpackningsplast). Vi v\u00e4rmer upp v\u00e5ra fastigheter med luftv\u00e4rmepumpar och belysningen styrs av r\u00f6relsesensorer. \u00c4ven basturnas \u00f6ppettider optimeras s\u00e5 att aggregaten inte \u00e4r p\u00e5 f\u00f6r tomma bastur. Vi plockar skr\u00e4p b\u00e5de p\u00e5 hamnomr\u00e5dets markytor och i vattenomr\u00e5dena. Vi anv\u00e4nder \u00e5tervunnet material n\u00e4r det \u00e4r m\u00f6jligt, till exempel i infoskyltar, och prioriterar milj\u00f6m\u00e4rkta produkter vid andra materialink\u00f6p.<\/p>\n<p>&nbsp;<\/p>\n<p><strong>Anst\u00e4llda och v\u00e4lm\u00e5ende<\/strong><\/p>\n<p>Under sommars\u00e4songen har vi vanligtvis cirka sex unga sommarjobbare anst\u00e4llda. Vi vill att v\u00e5ra anst\u00e4llda ska uppleva sin arbetsplats som trivsam och s\u00e4ker. I arbetsskiftsplaneringen str\u00e4var vi efter att s\u00e4kerst\u00e4lla tillr\u00e4cklig fritid, och arbetsturerna planeras \u00e4ven utifr\u00e5n medarbetarnas \u00f6nskem\u00e5l. Vi ordnar n\u00f6dv\u00e4ndiga kurser i bland annat f\u00f6rsta hj\u00e4lpen f\u00f6r<\/p>\n<p>sommarjobbarna, vilket de har nytta av \u00e4ven efter sommarjobbet. I slutet av s\u00e4songen genomf\u00f6r vi en enk\u00e4t d\u00e4r de anst\u00e4llda f\u00e5r ge oss feedback p\u00e5 den g\u00e5ngna s\u00e4songen. V\u00e5rt m\u00e5l \u00e4r att sommarjobbarna ska vilja \u00e5terv\u00e4nda till oss \u00e4ven n\u00e4sta sommar.<\/p>\n","protected":false},"excerpt":{"rendered":"<p>H\u00e5llbarhet inneb\u00e4r f\u00f6r oss konkreta handlingar och kontinuerligt utvecklingsarbete. V\u00e5rt m\u00e5l \u00e4r att kommunicera om h\u00e5llbarhet p\u00e5 ett transparent s\u00e4tt och erbjuda v\u00e5ra kunder v\u00e4gledning och l\u00f6sningar f\u00f6r ansvarsfullt resande samt milj\u00f6h\u00e4nsyn i v\u00e5r hamn. Vi identifierar de utmaningar som b\u00e5tturismen inneb\u00e4r f\u00f6r milj\u00f6n och str\u00e4var efter att i m\u00e5n av m\u00f6jlighet erbjuda l\u00f6sningar och [&hellip;]<\/p>\n","protected":false},"author":5,"featured_media":0,"parent":0,"menu_order":0,"comment_status":"closed","ping_status":"closed","template":"","meta":{"footnotes":""},"class_list":["post-1883","page","type-page","status-publish","hentry","classic-edited"],"yoast_head":"<!-- This site is optimized with the Yoast SEO plugin v27.3 - https:\/\/yoast.com\/product\/yoast-seo-wordpress\/ -->\n<title>H\u00e5llbarhet<\/title>\n<meta name=\"description\" content=\"H\u00e5llbarhet inneb\u00e4r f\u00f6r oss konkreta handlingar och kontinuerligt utvecklingsarbete. V\u00e5rt m\u00e5l \u00e4r att kommunicera om h\u00e5llbarhet p\u00e5 ett transparent s\u00e4tt.\" \/>\n<meta name=\"robots\" content=\"index, follow, max-snippet:-1, max-image-preview:large, max-video-preview:-1\" \/>\n<link rel=\"canonical\" href=\"http:\/\/hsfmarine.fi\/sv\/hallbarhet\/\" \/>\n<meta property=\"og:locale\" content=\"sv_SE\" \/>\n<meta property=\"og:type\" content=\"article\" \/>\n<meta property=\"og:title\" content=\"H\u00e5llbarhet\" \/>\n<meta property=\"og:description\" content=\"H\u00e5llbarhet inneb\u00e4r f\u00f6r oss konkreta handlingar och kontinuerligt utvecklingsarbete. V\u00e5rt m\u00e5l \u00e4r att kommunicera om h\u00e5llbarhet p\u00e5 ett transparent s\u00e4tt.\" \/>\n<meta property=\"og:url\" content=\"http:\/\/hsfmarine.fi\/sv\/hallbarhet\/\" \/>\n<meta property=\"og:site_name\" content=\"HSF Marine\" \/>\n<meta property=\"article:publisher\" content=\"https:\/\/www.facebook.com\/HSF-Marine-1818563651727474\" \/>\n<meta property=\"article:modified_time\" content=\"2026-03-30T11:37:52+00:00\" \/>\n<meta property=\"og:image\" content=\"https:\/\/hsfmarine.fi\/wp-content\/uploads\/2017\/05\/DSC_5221_web.jpg\" \/>\n\t<meta property=\"og:image:width\" content=\"1900\" \/>\n\t<meta property=\"og:image:height\" content=\"600\" \/>\n\t<meta property=\"og:image:type\" content=\"image\/jpeg\" \/>\n<meta name=\"twitter:card\" content=\"summary_large_image\" \/>\n<meta name=\"twitter:label1\" content=\"Ber\u00e4knad l\u00e4stid\" \/>\n\t<meta name=\"twitter:data1\" content=\"2 minuter\" \/>\n<script type=\"application\/ld+json\" class=\"yoast-schema-graph\">{\"@context\":\"https:\\\/\\\/schema.org\",\"@graph\":[{\"@type\":\"WebPage\",\"@id\":\"http:\\\/\\\/hsfmarine.fi\\\/sv\\\/hallbarhet\\\/\",\"url\":\"http:\\\/\\\/hsfmarine.fi\\\/sv\\\/hallbarhet\\\/\",\"name\":\"H\u00e5llbarhet\",\"isPartOf\":{\"@id\":\"https:\\\/\\\/hsfmarine.fi\\\/#website\"},\"datePublished\":\"2026-03-05T14:18:47+00:00\",\"dateModified\":\"2026-03-30T11:37:52+00:00\",\"description\":\"H\u00e5llbarhet inneb\u00e4r f\u00f6r oss konkreta handlingar och kontinuerligt utvecklingsarbete. V\u00e5rt m\u00e5l \u00e4r att kommunicera om h\u00e5llbarhet p\u00e5 ett transparent s\u00e4tt.\",\"breadcrumb\":{\"@id\":\"http:\\\/\\\/hsfmarine.fi\\\/sv\\\/hallbarhet\\\/#breadcrumb\"},\"inLanguage\":\"sv-SE\",\"potentialAction\":[{\"@type\":\"ReadAction\",\"target\":[\"http:\\\/\\\/hsfmarine.fi\\\/sv\\\/hallbarhet\\\/\"]}]},{\"@type\":\"BreadcrumbList\",\"@id\":\"http:\\\/\\\/hsfmarine.fi\\\/sv\\\/hallbarhet\\\/#breadcrumb\",\"itemListElement\":[{\"@type\":\"ListItem\",\"position\":1,\"name\":\"Home\",\"item\":\"http:\\\/\\\/hsfmarine.fi\\\/sv\\\/\"},{\"@type\":\"ListItem\",\"position\":2,\"name\":\"H\u00e5llbarhet\"}]},{\"@type\":\"WebSite\",\"@id\":\"https:\\\/\\\/hsfmarine.fi\\\/#website\",\"url\":\"https:\\\/\\\/hsfmarine.fi\\\/\",\"name\":\"HSF Marine\",\"description\":\"Just another WordPress site\",\"publisher\":{\"@id\":\"https:\\\/\\\/hsfmarine.fi\\\/#organization\"},\"potentialAction\":[{\"@type\":\"SearchAction\",\"target\":{\"@type\":\"EntryPoint\",\"urlTemplate\":\"https:\\\/\\\/hsfmarine.fi\\\/?s={search_term_string}\"},\"query-input\":{\"@type\":\"PropertyValueSpecification\",\"valueRequired\":true,\"valueName\":\"search_term_string\"}}],\"inLanguage\":\"sv-SE\"},{\"@type\":\"Organization\",\"@id\":\"https:\\\/\\\/hsfmarine.fi\\\/#organization\",\"name\":\"HSF Marine\",\"url\":\"https:\\\/\\\/hsfmarine.fi\\\/\",\"logo\":{\"@type\":\"ImageObject\",\"inLanguage\":\"sv-SE\",\"@id\":\"https:\\\/\\\/hsfmarine.fi\\\/#\\\/schema\\\/logo\\\/image\\\/\",\"url\":\"https:\\\/\\\/hsfmarine.fi\\\/wp-content\\\/uploads\\\/2017\\\/05\\\/DSC_5221_web.jpg\",\"contentUrl\":\"https:\\\/\\\/hsfmarine.fi\\\/wp-content\\\/uploads\\\/2017\\\/05\\\/DSC_5221_web.jpg\",\"width\":1900,\"height\":600,\"caption\":\"HSF Marine\"},\"image\":{\"@id\":\"https:\\\/\\\/hsfmarine.fi\\\/#\\\/schema\\\/logo\\\/image\\\/\"},\"sameAs\":[\"https:\\\/\\\/www.facebook.com\\\/HSF-Marine-1818563651727474\"]}]}<\/script>\n<!-- \/ Yoast SEO plugin. -->","yoast_head_json":{"title":"H\u00e5llbarhet","description":"H\u00e5llbarhet inneb\u00e4r f\u00f6r oss konkreta handlingar och kontinuerligt utvecklingsarbete. V\u00e5rt m\u00e5l \u00e4r att kommunicera om h\u00e5llbarhet p\u00e5 ett transparent s\u00e4tt.","robots":{"index":"index","follow":"follow","max-snippet":"max-snippet:-1","max-image-preview":"max-image-preview:large","max-video-preview":"max-video-preview:-1"},"canonical":"http:\/\/hsfmarine.fi\/sv\/hallbarhet\/","og_locale":"sv_SE","og_type":"article","og_title":"H\u00e5llbarhet","og_description":"H\u00e5llbarhet inneb\u00e4r f\u00f6r oss konkreta handlingar och kontinuerligt utvecklingsarbete. V\u00e5rt m\u00e5l \u00e4r att kommunicera om h\u00e5llbarhet p\u00e5 ett transparent s\u00e4tt.","og_url":"http:\/\/hsfmarine.fi\/sv\/hallbarhet\/","og_site_name":"HSF Marine","article_publisher":"https:\/\/www.facebook.com\/HSF-Marine-1818563651727474","article_modified_time":"2026-03-30T11:37:52+00:00","og_image":[{"width":1900,"height":600,"url":"https:\/\/hsfmarine.fi\/wp-content\/uploads\/2017\/05\/DSC_5221_web.jpg","type":"image\/jpeg"}],"twitter_card":"summary_large_image","twitter_misc":{"Ber\u00e4knad l\u00e4stid":"2 minuter"},"schema":{"@context":"https:\/\/schema.org","@graph":[{"@type":"WebPage","@id":"http:\/\/hsfmarine.fi\/sv\/hallbarhet\/","url":"http:\/\/hsfmarine.fi\/sv\/hallbarhet\/","name":"H\u00e5llbarhet","isPartOf":{"@id":"https:\/\/hsfmarine.fi\/#website"},"datePublished":"2026-03-05T14:18:47+00:00","dateModified":"2026-03-30T11:37:52+00:00","description":"H\u00e5llbarhet inneb\u00e4r f\u00f6r oss konkreta handlingar och kontinuerligt utvecklingsarbete. V\u00e5rt m\u00e5l \u00e4r att kommunicera om h\u00e5llbarhet p\u00e5 ett transparent s\u00e4tt.","breadcrumb":{"@id":"http:\/\/hsfmarine.fi\/sv\/hallbarhet\/#breadcrumb"},"inLanguage":"sv-SE","potentialAction":[{"@type":"ReadAction","target":["http:\/\/hsfmarine.fi\/sv\/hallbarhet\/"]}]},{"@type":"BreadcrumbList","@id":"http:\/\/hsfmarine.fi\/sv\/hallbarhet\/#breadcrumb","itemListElement":[{"@type":"ListItem","position":1,"name":"Home","item":"http:\/\/hsfmarine.fi\/sv\/"},{"@type":"ListItem","position":2,"name":"H\u00e5llbarhet"}]},{"@type":"WebSite","@id":"https:\/\/hsfmarine.fi\/#website","url":"https:\/\/hsfmarine.fi\/","name":"HSF Marine","description":"Just another WordPress site","publisher":{"@id":"https:\/\/hsfmarine.fi\/#organization"},"potentialAction":[{"@type":"SearchAction","target":{"@type":"EntryPoint","urlTemplate":"https:\/\/hsfmarine.fi\/?s={search_term_string}"},"query-input":{"@type":"PropertyValueSpecification","valueRequired":true,"valueName":"search_term_string"}}],"inLanguage":"sv-SE"},{"@type":"Organization","@id":"https:\/\/hsfmarine.fi\/#organization","name":"HSF Marine","url":"https:\/\/hsfmarine.fi\/","logo":{"@type":"ImageObject","inLanguage":"sv-SE","@id":"https:\/\/hsfmarine.fi\/#\/schema\/logo\/image\/","url":"https:\/\/hsfmarine.fi\/wp-content\/uploads\/2017\/05\/DSC_5221_web.jpg","contentUrl":"https:\/\/hsfmarine.fi\/wp-content\/uploads\/2017\/05\/DSC_5221_web.jpg","width":1900,"height":600,"caption":"HSF Marine"},"image":{"@id":"https:\/\/hsfmarine.fi\/#\/schema\/logo\/image\/"},"sameAs":["https:\/\/www.facebook.com\/HSF-Marine-1818563651727474"]}]}},"_links":{"self":[{"href":"https:\/\/hsfmarine.fi\/sv\/wp-json\/wp\/v2\/pages\/1883","targetHints":{"allow":["GET"]}}],"collection":[{"href":"https:\/\/hsfmarine.fi\/sv\/wp-json\/wp\/v2\/pages"}],"about":[{"href":"https:\/\/hsfmarine.fi\/sv\/wp-json\/wp\/v2\/types\/page"}],"author":[{"embeddable":true,"href":"https:\/\/hsfmarine.fi\/sv\/wp-json\/wp\/v2\/users\/5"}],"replies":[{"embeddable":true,"href":"https:\/\/hsfmarine.fi\/sv\/wp-json\/wp\/v2\/comments?post=1883"}],"version-history":[{"count":2,"href":"https:\/\/hsfmarine.fi\/sv\/wp-json\/wp\/v2\/pages\/1883\/revisions"}],"predecessor-version":[{"id":1905,"href":"https:\/\/hsfmarine.fi\/sv\/wp-json\/wp\/v2\/pages\/1883\/revisions\/1905"}],"wp:attachment":[{"href":"https:\/\/hsfmarine.fi\/sv\/wp-json\/wp\/v2\/media?parent=1883"}],"curies":[{"name":"wp","href":"https:\/\/api.w.org\/{rel}","templated":true}]}}